{"id":2,"date":"2016-05-10T03:48:21","date_gmt":"2016-05-10T03:48:21","guid":{"rendered":"https:\/\/dsimpson.de\/?page_id=2"},"modified":"2025-08-29T16:07:45","modified_gmt":"2025-08-29T16:07:45","slug":"leistungen","status":"publish","type":"page","link":"https:\/\/www.dsimpson.de\/","title":{"rendered":"Leistungen"},"content":{"rendered":"\n<p><\/p>\n\n\n\n<p class=\"has-medium-font-size\">Dr. Simpson unterst\u00fctzt mittelst\u00e4ndische Unternehmen beim Auf- und Ausbau ihrer Nachhaltigkeitsberichterstattung und der Implementierung interner Due Diligence Prozesse. <\/p>\n\n\n\n<p class=\"has-medium-font-size\">Den europ\u00e4ischen Green Deal in Verkn\u00fcpfung mit SFDR, CSRD, Taxonomie und CSDDD sehen wir als Meilenstein der wirtschaftlichen Transformation. <\/p>\n\n\n\n<div style=\"height:20px\" aria-hidden=\"true\" class=\"wp-block-spacer\"><\/div>\n\n\n\n<p><\/p>\n\n\n\n<h2 class=\"wp-block-heading\" style=\"font-style:normal;font-weight:500\">Nachhaltigkeitsberichterstattung<strong>&nbsp;<\/strong><\/h2>\n\n\n\n<p class=\"has-medium-font-size\">Wir entwickeln und schreiben Nachhaltigkeitsberichte, die Werte, Strategien und Erfolge stringent kommunizieren. Dabei haben wir Erfahrung mit allen g\u00e4ngigen Formaten und bereiten unsere Kunden schon lange vor dem Inkrafttreten neuer gesetzlicher Vorgaben auf deren Erf\u00fcllung vor.<\/p>\n\n\n\n<div style=\"height:10px\" aria-hidden=\"true\" class=\"wp-block-spacer\"><\/div>\n\n\n\n<p class=\"has-text-align-left has-medium-font-size\">CSRD und Taxonomie<\/p>\n\n\n\n<ul class=\"wp-block-list\">\n<li class=\"has-medium-font-size\">Wir moderieren die Materialit\u00e4tsanalyse (\u201eDoppelte Wesentlichkeit\u201c) und schreiben Nachhaltigkeitsberichte nach dem europ\u00e4ischen Standard ESRS.<\/li>\n\n\n\n<li class=\"has-medium-font-size\">Wir entwirren die Taxonomie-Verordnung und begleiten Kunden bei der Definition taxonomief\u00e4higer Aktivit\u00e4ten.<\/li>\n\n\n\n<li class=\"has-medium-font-size\">Wir unterst\u00fctzen Wirtschaftspr\u00fcfungsunternehmen bei der Erf\u00fcllung ihres Pr\u00fcfauftrags.<\/li>\n<\/ul>\n\n\n\n<p class=\"has-text-align-left has-medium-font-size\">ESRS, VSME, GRI, UNGC, Ecovadis und Co.<\/p>\n\n\n\n<ul class=\"wp-block-list\">\n<li class=\"has-medium-font-size\">Wir verfassen Nachhaltigkeitsberichte nach allen relevanten Vorgaben. Dazu geh\u00f6ren die europ\u00e4ische CSRD (mit den Standards ESRS und VSME) ebenso wie die internationalen Berichtsstandards GRI und UNGC, der deutsche Berichtsstandard DNK oder spezifische Branchenstandards.<\/li>\n\n\n\n<li class=\"has-medium-font-size\">Wir bereiten unsere Kunden auf Nachhaltigkeitsratings wie ECOVADIS vor und unterst\u00fctzen sie bei der Verbesserung ihres Rankings.<\/li>\n<\/ul>\n\n\n\n<p class=\"has-text-align-left has-medium-font-size\">Compliance und Lieferketten<\/p>\n\n\n\n<ul class=\"wp-block-list has-medium-font-size\">\n<li>Wir kennen die europ\u00e4ische und deutsche Gesetzgebung und integrieren die neuesten Anforderungen von CSDDD, LkSG und anderen Vorgaben in die Berichterstattung.<\/li>\n\n\n\n<li>Wir entwickeln und schreiben Compliance-Leitlinien und Verhaltenskodizes, die internationalen Erwartungen standhalten.<\/li>\n\n\n\n<li>Wir unterst\u00fctzen beim Aufbau von Berichtsstrukturen zur Erf\u00fcllung von Sorgfaltspflichten entlang der Lieferketten.<\/li>\n<\/ul>\n\n\n\n<p class=\"has-text-align-left has-medium-font-size\">Treibhausgas- und Produktbilanzierung<\/p>\n\n\n\n<ul class=\"wp-block-list has-medium-font-size\">\n<li>Wir unterst\u00fctzen unsere Kunden bei der Erstellung von Emissionsberichten (CCF) im Einklang mit den Standards des GHG Protocol und DIN-ISO Normen.<\/li>\n\n\n\n<li>Wir beraten bei der Erstellung von Produkt-Fu\u00dfabdr\u00fccken (PCF) und \u00d6kobilanzen (LCA).<\/li>\n<\/ul>\n\n\n\n<div style=\"height:20px\" aria-hidden=\"true\" class=\"wp-block-spacer\"><\/div>\n\n\n\n<h2 class=\"wp-block-heading\" style=\"font-style:normal;font-weight:500\">Weiterbildung und Workshops<\/h2>\n\n\n\n<p class=\"has-medium-font-size\">Dr. Simpson konzipiert Workshops und Seminare, um das Nachhaltigkeitswissen in Unternehmen zu festigen.<\/p>\n\n\n\n<ul class=\"wp-block-list\">\n<li class=\"has-medium-font-size\">Wir f\u00fchren in Nachhaltigkeitsstandards und gesetzliche CSR-Vorgaben ein und zeigen, wie Unternehmen sie sinnvoll nutzen. <\/li>\n\n\n\n<li class=\"has-medium-font-size\">Mittelst\u00e4ndische Unternehmen schulen wir in der Anwendung des neuen europ\u00e4ischen VSME Standards sowie in GRI.<\/li>\n\n\n\n<li class=\"has-medium-font-size\">Wir moderieren Wesentlichkeitsworkshops und f\u00fchren Wesentlichkeitsanalysen nach CSRD und GRI durch.<\/li>\n\n\n\n<li class=\"has-medium-font-size\">Wir sind mit&nbsp;<a href=\"https:\/\/www.triple-innova.de\/\" target=\"_blank\" rel=\"noreferrer noopener\">triple innova GmbH<\/a> verkn\u00fcpft, langj\u00e4hrige Trainingspartnerin der Global Reporting Initiative (GRI) f\u00fcr Deutschland. Beratungsleistungen und Weiterbildung bieten wir bei Bedarf gemeinsam an.<\/li>\n<\/ul>\n\n\n\n<div style=\"height:20px\" aria-hidden=\"true\" class=\"wp-block-spacer\"><\/div>\n\n\n\n<p><\/p>\n\n\n\n<h2 class=\"wp-block-heading\" style=\"font-style:normal;font-weight:500\">Konzepte und Texte<\/h2>\n\n\n\n<p class=\"has-medium-font-size\">Wir konzipieren und texten Publikationen mit Nachhaltigkeits-Charakter. Unsere Kunden sind Unternehmen sowie gemeinn\u00fctzige Initiativen, Stiftungen und Menschen, die Besonderes bewegen wollen.<\/p>\n\n\n\n<ul class=\"wp-block-list\">\n<li class=\"has-medium-font-size\">Nachhaltigkeitsberichte <\/li>\n\n\n\n<li class=\"has-medium-font-size\">B\u00fccher und Magazine <\/li>\n\n\n\n<li class=\"has-medium-font-size\">Biografien<\/li>\n<\/ul>\n","protected":false},"excerpt":{"rendered":"<p>Dr. Simpson unterst\u00fctzt mittelst\u00e4ndische Unternehmen beim Auf- und Ausbau ihrer Nachhaltigkeitsberichterstattung und der Implementierung interner Due Diligence Prozesse. Den europ\u00e4ischen Green Deal in Verkn\u00fcpfung mit SFDR, CSRD, Taxonomie und CSDDD sehen wir als Meilenstein der wirtschaftlichen Transformation. Nachhaltigkeitsberichterstattung&nbsp; Wir entwickeln und schreiben Nachhaltigkeitsberichte, die Werte, Strategien und Erfolge stringent kommunizieren. Dabei haben wir Erfahrung mit &hellip; <a href=\"https:\/\/www.dsimpson.de\/\" class=\"more-link\">Continue reading <span class=\"screen-reader-text\">Leistungen<\/span> <span class=\"meta-nav\">&rarr;<\/span><\/a><\/p>\n","protected":false},"author":1,"featured_media":0,"parent":0,"menu_order":0,"comment_status":"closed","ping_status":"closed","template":"","meta":{"footnotes":""},"class_list":["post-2","page","type-page","status-publish","hentry"],"yoast_head":"<!-- This site is optimized with the Yoast SEO plugin v27.4 - https:\/\/yoast.com\/product\/yoast-seo-wordpress\/ -->\n<title>Leistungen - Daniela Simpson<\/title>\n<meta name=\"description\" content=\"Dr. Simpson unterst\u00fctzt insbesondere mittelst\u00e4ndische Unternehmen bei der Erf\u00fcllung der europ\u00e4ischen CSRD und Taxonomie.\" \/>\n<meta name=\"robots\" content=\"index, follow, max-snippet:-1, max-image-preview:large, max-video-preview:-1\" \/>\n<link rel=\"canonical\" href=\"https:\/\/www.dsimpson.de\/\" \/>\n<meta property=\"og:locale\" content=\"en_US\" \/>\n<meta property=\"og:type\" content=\"article\" \/>\n<meta property=\"og:title\" content=\"Leistungen - Daniela Simpson\" \/>\n<meta property=\"og:description\" content=\"Dr. Simpson unterst\u00fctzt insbesondere mittelst\u00e4ndische Unternehmen bei der Erf\u00fcllung der europ\u00e4ischen CSRD und Taxonomie.\" \/>\n<meta property=\"og:url\" content=\"https:\/\/www.dsimpson.de\/\" \/>\n<meta property=\"og:site_name\" content=\"Daniela Simpson\" \/>\n<meta property=\"article:modified_time\" content=\"2025-08-29T16:07:45+00:00\" \/>\n<meta name=\"twitter:card\" content=\"summary_large_image\" \/>\n<meta name=\"twitter:label1\" content=\"Est. reading time\" \/>\n\t<meta name=\"twitter:data1\" content=\"3 minutes\" \/>\n<script type=\"application\/ld+json\" class=\"yoast-schema-graph\">{\"@context\":\"https:\\\/\\\/schema.org\",\"@graph\":[{\"@type\":\"WebPage\",\"@id\":\"https:\\\/\\\/www.dsimpson.de\\\/\",\"url\":\"https:\\\/\\\/www.dsimpson.de\\\/\",\"name\":\"Leistungen - Daniela Simpson\",\"isPartOf\":{\"@id\":\"https:\\\/\\\/www.dsimpson.de\\\/#website\"},\"datePublished\":\"2016-05-10T03:48:21+00:00\",\"dateModified\":\"2025-08-29T16:07:45+00:00\",\"description\":\"Dr. Simpson unterst\u00fctzt insbesondere mittelst\u00e4ndische Unternehmen bei der Erf\u00fcllung der europ\u00e4ischen CSRD und Taxonomie.\",\"breadcrumb\":{\"@id\":\"https:\\\/\\\/www.dsimpson.de\\\/#breadcrumb\"},\"inLanguage\":\"en-US\",\"potentialAction\":[{\"@type\":\"ReadAction\",\"target\":[\"https:\\\/\\\/www.dsimpson.de\\\/\"]}]},{\"@type\":\"BreadcrumbList\",\"@id\":\"https:\\\/\\\/www.dsimpson.de\\\/#breadcrumb\",\"itemListElement\":[{\"@type\":\"ListItem\",\"position\":1,\"name\":\"Startseite\",\"item\":\"https:\\\/\\\/www.dsimpson.de\\\/\"},{\"@type\":\"ListItem\",\"position\":2,\"name\":\"Leistungen\"}]},{\"@type\":\"WebSite\",\"@id\":\"https:\\\/\\\/www.dsimpson.de\\\/#website\",\"url\":\"https:\\\/\\\/www.dsimpson.de\\\/\",\"name\":\"Daniela Simpson\",\"description\":\"\",\"potentialAction\":[{\"@type\":\"SearchAction\",\"target\":{\"@type\":\"EntryPoint\",\"urlTemplate\":\"https:\\\/\\\/www.dsimpson.de\\\/?s={search_term_string}\"},\"query-input\":{\"@type\":\"PropertyValueSpecification\",\"valueRequired\":true,\"valueName\":\"search_term_string\"}}],\"inLanguage\":\"en-US\"}]}<\/script>\n<!-- \/ Yoast SEO plugin. -->","yoast_head_json":{"title":"Leistungen - Daniela Simpson","description":"Dr. Simpson unterst\u00fctzt insbesondere mittelst\u00e4ndische Unternehmen bei der Erf\u00fcllung der europ\u00e4ischen CSRD und Taxonomie.","robots":{"index":"index","follow":"follow","max-snippet":"max-snippet:-1","max-image-preview":"max-image-preview:large","max-video-preview":"max-video-preview:-1"},"canonical":"https:\/\/www.dsimpson.de\/","og_locale":"en_US","og_type":"article","og_title":"Leistungen - Daniela Simpson","og_description":"Dr. Simpson unterst\u00fctzt insbesondere mittelst\u00e4ndische Unternehmen bei der Erf\u00fcllung der europ\u00e4ischen CSRD und Taxonomie.","og_url":"https:\/\/www.dsimpson.de\/","og_site_name":"Daniela Simpson","article_modified_time":"2025-08-29T16:07:45+00:00","twitter_card":"summary_large_image","twitter_misc":{"Est. reading time":"3 minutes"},"schema":{"@context":"https:\/\/schema.org","@graph":[{"@type":"WebPage","@id":"https:\/\/www.dsimpson.de\/","url":"https:\/\/www.dsimpson.de\/","name":"Leistungen - Daniela Simpson","isPartOf":{"@id":"https:\/\/www.dsimpson.de\/#website"},"datePublished":"2016-05-10T03:48:21+00:00","dateModified":"2025-08-29T16:07:45+00:00","description":"Dr. Simpson unterst\u00fctzt insbesondere mittelst\u00e4ndische Unternehmen bei der Erf\u00fcllung der europ\u00e4ischen CSRD und Taxonomie.","breadcrumb":{"@id":"https:\/\/www.dsimpson.de\/#breadcrumb"},"inLanguage":"en-US","potentialAction":[{"@type":"ReadAction","target":["https:\/\/www.dsimpson.de\/"]}]},{"@type":"BreadcrumbList","@id":"https:\/\/www.dsimpson.de\/#breadcrumb","itemListElement":[{"@type":"ListItem","position":1,"name":"Startseite","item":"https:\/\/www.dsimpson.de\/"},{"@type":"ListItem","position":2,"name":"Leistungen"}]},{"@type":"WebSite","@id":"https:\/\/www.dsimpson.de\/#website","url":"https:\/\/www.dsimpson.de\/","name":"Daniela Simpson","description":"","potentialAction":[{"@type":"SearchAction","target":{"@type":"EntryPoint","urlTemplate":"https:\/\/www.dsimpson.de\/?s={search_term_string}"},"query-input":{"@type":"PropertyValueSpecification","valueRequired":true,"valueName":"search_term_string"}}],"inLanguage":"en-US"}]}},"_links":{"self":[{"href":"https:\/\/www.dsimpson.de\/index.php?rest_route=\/wp\/v2\/pages\/2","targetHints":{"allow":["GET"]}}],"collection":[{"href":"https:\/\/www.dsimpson.de\/index.php?rest_route=\/wp\/v2\/pages"}],"about":[{"href":"https:\/\/www.dsimpson.de\/index.php?rest_route=\/wp\/v2\/types\/page"}],"author":[{"embeddable":true,"href":"https:\/\/www.dsimpson.de\/index.php?rest_route=\/wp\/v2\/users\/1"}],"replies":[{"embeddable":true,"href":"https:\/\/www.dsimpson.de\/index.php?rest_route=%2Fwp%2Fv2%2Fcomments&post=2"}],"version-history":[{"count":47,"href":"https:\/\/www.dsimpson.de\/index.php?rest_route=\/wp\/v2\/pages\/2\/revisions"}],"predecessor-version":[{"id":747,"href":"https:\/\/www.dsimpson.de\/index.php?rest_route=\/wp\/v2\/pages\/2\/revisions\/747"}],"wp:attachment":[{"href":"https:\/\/www.dsimpson.de\/index.php?rest_route=%2Fwp%2Fv2%2Fmedia&parent=2"}],"curies":[{"name":"wp","href":"https:\/\/api.w.org\/{rel}","templated":true}]}}